{"id":626,"date":"2024-07-16T10:04:58","date_gmt":"2024-07-16T10:04:58","guid":{"rendered":"http:\/\/rosedornezunft.wordpress.com\/?page_id=1"},"modified":"2026-03-19T15:54:45","modified_gmt":"2026-03-19T13:54:45","slug":"ueber","status":"publish","type":"page","link":"https:\/\/rosedornezunft.ch\/?page_id=626","title":{"rendered":"Die Zunft"},"content":{"rendered":"\n<div class=\"wp-block-group alignfull is-style-section-1 is-content-justification-center is-layout-constrained wp-container-core-group-is-layout-df757ecc wp-block-group-is-layout-constrained\" style=\"margin-top:0;margin-bottom:0;padding-top:calc( 0.5 * var(--wp--style--root--padding-right, var(--wp--custom--gap--horizontal)));padding-right:var(--wp--style--root--padding-right, var(--wp--custom--gap--horizontal));padding-bottom:calc( 0.5 * var(--wp--style--root--padding-right, var(--wp--custom--gap--horizontal)));padding-left:var(--wp--style--root--padding-left, var(--wp--custom--gap--horizontal))\">\n<div style=\"height:calc( 0.25 * var(--wp--style--root--padding-right, var(--wp--custom--gap--horizontal)))\" aria-hidden=\"true\" class=\"wp-block-spacer\"><\/div>\n\n\n\n<div class=\"wp-block-columns alignwide is-layout-flex wp-container-core-columns-is-layout-28f84493 wp-block-columns-is-layout-flex\">\n<div class=\"wp-block-column is-layout-flow wp-container-core-column-is-layout-22223934 wp-block-column-is-layout-flow\" style=\"flex-basis:50%\">\n<h3 class=\"wp-block-heading\">Die Rosedornezunft M\u00fclchi<\/h3>\n<\/div>\n\n\n\n<div class=\"wp-block-column is-layout-flow wp-block-column-is-layout-flow\" style=\"flex-basis:50%\">\n<h5 class=\"wp-block-heading\"><mark style=\"background-color:rgba(0, 0, 0, 0);color:#e73939\" class=\"has-inline-color\">Ein paar Eckdaten:<\/mark><\/h5>\n\n\n\n<ul class=\"wp-block-list\">\n<li>1994 &nbsp; 1.M\u00fclchifasnacht<\/li>\n\n\n\n<li>1995 &nbsp; Gr\u00fcndung Rosedornezunft<\/li>\n\n\n\n<li>1996 &nbsp; M\u00fclchifasnacht wird das erste mal von der Rosedornezunft durchgef\u00fchrt<\/li>\n\n\n\n<li>1997 &nbsp; 1. Fasnachtsumzug&nbsp;<\/li>\n\n\n\n<li>1997 &nbsp; 1. Fasnachtszeitung &#8222;DERRUNDEGGE&#8220;<\/li>\n\n\n\n<li>2000 &nbsp;1. Fasnachts-Auftakt<\/li>\n\n\n\n<li>2007 &nbsp;Gr\u00fcndung M\u00fcuchif\u00e4ger<\/li>\n\n\n\n<li>2021 &nbsp; Online-Fasnacht (Corona-Edition)<\/li>\n\n\n\n<li>2020 Gr\u00fcndung Gh\u00fcderh\u00fcffeli M\u00fclchi<\/li>\n<\/ul>\n<\/div>\n<\/div>\n\n\n\n<div style=\"height:calc( 0.25 * var(--wp--style--root--padding-right, var(--wp--custom--gap--horizontal)))\" aria-hidden=\"true\" class=\"wp-block-spacer\"><\/div>\n<\/div>\n\n\n\n<div class=\"wp-block-group alignfull is-style-section-1 is-content-justification-center is-layout-constrained wp-container-core-group-is-layout-df757ecc wp-block-group-is-layout-constrained\" style=\"margin-top:0;margin-bottom:0;padding-top:calc( 0.5 * var(--wp--style--root--padding-right, var(--wp--custom--gap--horizontal)));padding-right:var(--wp--style--root--padding-right, var(--wp--custom--gap--horizontal));padding-bottom:calc( 0.5 * var(--wp--style--root--padding-right, var(--wp--custom--gap--horizontal)));padding-left:var(--wp--style--root--padding-left, var(--wp--custom--gap--horizontal))\">\n<div style=\"height:calc( 0.25 * var(--wp--style--root--padding-right, var(--wp--custom--gap--horizontal)))\" aria-hidden=\"true\" class=\"wp-block-spacer\"><\/div>\n\n\n\n<div class=\"wp-block-columns alignwide is-layout-flex wp-container-core-columns-is-layout-28f84493 wp-block-columns-is-layout-flex\">\n<div class=\"wp-block-column is-layout-flow wp-block-column-is-layout-flow\">\n<h5 class=\"wp-block-heading has-medium-font-size\"><mark style=\"background-color:rgba(0, 0, 0, 0);color:#e73939\" class=\"has-inline-color\">Unsere Geschichte<\/mark><\/h5>\n\n\n\n<p>Hier kommt bald ein super Text zur Geschichte unseres Vereins! <\/p>\n\n\n\n<div style=\"height:calc( 0.25 * var(--wp--style--root--padding-right, var(--wp--custom--gap--horizontal)))\" aria-hidden=\"true\" class=\"wp-block-spacer\"><\/div>\n\n\n\n<figure class=\"wp-block-image size-full wp-duotone-unset-1\"><img loading=\"lazy\" decoding=\"async\" width=\"680\" height=\"510\" src=\"https:\/\/rosedornezunft.ch\/wp-content\/uploads\/2024\/07\/Gruppenfoto.jpeg\" alt=\"\" class=\"wp-image-2376\" style=\"aspect-ratio:4\/3;object-fit:contain\" srcset=\"https:\/\/rosedornezunft.ch\/wp-content\/uploads\/2024\/07\/Gruppenfoto.jpeg 680w, https:\/\/rosedornezunft.ch\/wp-content\/uploads\/2024\/07\/Gruppenfoto-300x225.jpeg 300w\" sizes=\"auto, (max-width: 680px) 100vw, 680px\" \/><\/figure>\n<\/div>\n\n\n\n<div class=\"wp-block-column is-layout-flow wp-container-core-column-is-layout-5dafc681 wp-block-column-is-layout-flow\">\n<figure class=\"wp-block-image size-full is-style-default wp-duotone-unset-2\"><img loading=\"lazy\" decoding=\"async\" width=\"1022\" height=\"682\" src=\"https:\/\/rosedornezunft.ch\/wp-content\/uploads\/2024\/07\/Scan_0025-Buechibaerg-Schraenzer-1996.jpg\" alt=\"\" class=\"wp-image-2200\" style=\"aspect-ratio:3\/4;object-fit:cover\" srcset=\"https:\/\/rosedornezunft.ch\/wp-content\/uploads\/2024\/07\/Scan_0025-Buechibaerg-Schraenzer-1996.jpg 1022w, https:\/\/rosedornezunft.ch\/wp-content\/uploads\/2024\/07\/Scan_0025-Buechibaerg-Schraenzer-1996-300x200.jpg 300w, https:\/\/rosedornezunft.ch\/wp-content\/uploads\/2024\/07\/Scan_0025-Buechibaerg-Schraenzer-1996-768x513.jpg 768w\" sizes=\"auto, (max-width: 1022px) 100vw, 1022px\" \/><\/figure>\n<\/div>\n<\/div>\n\n\n\n<div style=\"height:calc( 0.25 * var(--wp--style--root--padding-right, var(--wp--custom--gap--horizontal)))\" aria-hidden=\"true\" class=\"wp-block-spacer\"><\/div>\n<\/div>\n\n\n\n<div class=\"wp-block-group alignfull is-style-section-2 is-content-justification-center is-layout-constrained wp-container-core-group-is-layout-df757ecc wp-block-group-is-layout-constrained\" style=\"margin-top:0;margin-bottom:0;padding-top:calc( 0.5 * var(--wp--style--root--padding-right, var(--wp--custom--gap--horizontal)));padding-right:var(--wp--style--root--padding-right, var(--wp--custom--gap--horizontal));padding-bottom:calc( 0.5 * var(--wp--style--root--padding-right, var(--wp--custom--gap--horizontal)));padding-left:var(--wp--style--root--padding-left, var(--wp--custom--gap--horizontal))\">\n<div style=\"height:calc( 0.25 * var(--wp--style--root--padding-right, var(--wp--custom--gap--horizontal)))\" aria-hidden=\"true\" class=\"wp-block-spacer\"><\/div>\n\n\n\n<div class=\"wp-block-columns alignwide is-layout-flex wp-container-core-columns-is-layout-28f84493 wp-block-columns-is-layout-flex\">\n<div class=\"wp-block-column is-vertically-aligned-top is-layout-flow wp-block-column-is-layout-flow\">\n<figure class=\"wp-block-image aligncenter size-full is-style-default wp-duotone-unset-3\"><img loading=\"lazy\" decoding=\"async\" width=\"1284\" height=\"898\" src=\"https:\/\/rosedornezunft.ch\/wp-content\/uploads\/2024\/07\/rosedornezunft-muelchi-1-fasnachtszeitung-1997.jpg\" alt=\"\" class=\"wp-image-2377\" style=\"aspect-ratio:1;object-fit:contain\" srcset=\"https:\/\/rosedornezunft.ch\/wp-content\/uploads\/2024\/07\/rosedornezunft-muelchi-1-fasnachtszeitung-1997.jpg 1284w, https:\/\/rosedornezunft.ch\/wp-content\/uploads\/2024\/07\/rosedornezunft-muelchi-1-fasnachtszeitung-1997-300x210.jpg 300w, https:\/\/rosedornezunft.ch\/wp-content\/uploads\/2024\/07\/rosedornezunft-muelchi-1-fasnachtszeitung-1997-1024x716.jpg 1024w, https:\/\/rosedornezunft.ch\/wp-content\/uploads\/2024\/07\/rosedornezunft-muelchi-1-fasnachtszeitung-1997-768x537.jpg 768w\" sizes=\"auto, (max-width: 1284px) 100vw, 1284px\" \/><\/figure>\n<\/div>\n\n\n\n<div class=\"wp-block-column is-vertically-aligned-center is-layout-flow wp-block-column-is-layout-flow\">\n<h3 class=\"wp-block-heading\">FASNACHTSZEITUNG &#8222;DERRUNDEGGE&#8220;<\/h3>\n\n\n\n<h5 class=\"wp-block-heading\"><mark style=\"background-color:rgba(0, 0, 0, 0);color:#e73939\" class=\"has-inline-color\"><strong>Die Geschichte der<\/strong> <strong>\u00abLimpachtaler Narrepress\u00a9\u00bb<\/strong><\/mark><\/h5>\n\n\n\n<p>1997 kam es zur Erstausgabe der M\u00fclchiger Fasnachtszeitung, namentlich \u00abDerrundegge\u00bb.<\/p>\n\n\n\n<p>Der Titel, passend geschn\u00f6rkelt geschrieben, stellt das lockige Haar der Larve auf dem Titelbild dar. Klar erkennbar, hat die Narrepress auch \u00ab\u00e4 Egge ab\u00bb &#8211; verk\u00f6rpert durch die Abrundung der Zeitung. Auch das Papier wurde nicht grundlos gew\u00e4hlt, denn die gelbe Farbe ist die der Pressefreiheit und wird so auch zelebriert.<\/p>\n\n\n\n<p>Ab dem 6. Jahrgang wurden auch Inserate vom Gewerbe rund um M\u00fclchi eingebunden. Mit dem Ertrag konnte die dorfeigene Guggenmusik \u00abM\u00fclchi F\u00e4ger\u00bb realisiert werden, welche 7 Jahre lang die M\u00fclchi-Fasnacht mitgestaltet hat.<\/p>\n<\/div>\n<\/div>\n\n\n\n<div style=\"height:100px\" aria-hidden=\"true\" class=\"wp-block-spacer\"><\/div>\n<\/div>\n\n\n\n<div class=\"wp-block-group alignfull is-style-section-2 is-content-justification-center is-layout-constrained wp-container-core-group-is-layout-df757ecc wp-block-group-is-layout-constrained\" style=\"margin-top:0;margin-bottom:0;padding-top:calc( 0.5 * var(--wp--style--root--padding-right, var(--wp--custom--gap--horizontal)));padding-right:var(--wp--style--root--padding-right, var(--wp--custom--gap--horizontal));padding-bottom:calc( 0.5 * var(--wp--style--root--padding-right, var(--wp--custom--gap--horizontal)));padding-left:var(--wp--style--root--padding-left, var(--wp--custom--gap--horizontal))\">\n<div class=\"wp-block-columns alignwide is-layout-flex wp-container-core-columns-is-layout-28f84493 wp-block-columns-is-layout-flex\">\n<div class=\"wp-block-column is-vertically-aligned-top is-layout-flow wp-block-column-is-layout-flow\">\n<figure class=\"wp-block-image size-full is-style-default wp-duotone-unset-4\"><img loading=\"lazy\" decoding=\"async\" width=\"1673\" height=\"479\" src=\"https:\/\/rosedornezunft.ch\/wp-content\/uploads\/2026\/03\/Gemeinde-Infoseite-Fraubrunnen.png\" alt=\"\" class=\"wp-image-2886\" style=\"aspect-ratio:1;object-fit:contain\" srcset=\"https:\/\/rosedornezunft.ch\/wp-content\/uploads\/2026\/03\/Gemeinde-Infoseite-Fraubrunnen.png 1673w, https:\/\/rosedornezunft.ch\/wp-content\/uploads\/2026\/03\/Gemeinde-Infoseite-Fraubrunnen-300x86.png 300w, https:\/\/rosedornezunft.ch\/wp-content\/uploads\/2026\/03\/Gemeinde-Infoseite-Fraubrunnen-1024x293.png 1024w, https:\/\/rosedornezunft.ch\/wp-content\/uploads\/2026\/03\/Gemeinde-Infoseite-Fraubrunnen-768x220.png 768w, https:\/\/rosedornezunft.ch\/wp-content\/uploads\/2026\/03\/Gemeinde-Infoseite-Fraubrunnen-1536x440.png 1536w\" sizes=\"auto, (max-width: 1673px) 100vw, 1673px\" \/><\/figure>\n<\/div>\n\n\n\n<div class=\"wp-block-column is-vertically-aligned-center is-layout-flow wp-block-column-is-layout-flow\">\n<h3 class=\"wp-block-heading\">Gemeinde Info Seite Fraubrunnen<\/h3>\n\n\n\n<h5 class=\"wp-block-heading\"><mark style=\"background-color:rgba(0, 0, 0, 0);color:#e73939\" class=\"has-inline-color\"><a href=\"https:\/\/gemeinde-schweiz.ch\/kanton-bern\/fraubrunnen\/\">Link zu den Vereinen<\/a><\/mark><\/h5>\n\n\n\n<p>Hier sind diverse Vereine der Gemeinde Fraubrunnen und der ganzen Schweiz aufgelistet.<\/p>\n<\/div>\n<\/div>\n\n\n\n<div style=\"height:100px\" aria-hidden=\"true\" class=\"wp-block-spacer\"><\/div>\n<\/div>\n","protected":false},"excerpt":{"rendered":"<p>Die Rosedornezunft M\u00fclchi Ein paar Eckdaten: Unsere Geschichte Hier kommt bald ein super Text zur Geschichte unseres Vereins! FASNACHTSZEITUNG &#8222;DERRUNDEGGE&#8220; Die Geschichte der \u00abLimpachtaler Narrepress\u00a9\u00bb 1997 kam es zur Erstausgabe der M\u00fclchiger Fasnachtszeitung, namentlich \u00abDerrundegge\u00bb. Der Titel, passend geschn\u00f6rkelt geschrieben, stellt das lockige Haar der Larve auf dem Titelbild dar. Klar erkennbar, hat die Narrepress [&hellip;]<\/p>\n","protected":false},"author":1,"featured_media":0,"parent":0,"menu_order":0,"comment_status":"closed","ping_status":"closed","template":"","meta":{"footnotes":""},"class_list":["post-626","page","type-page","status-publish","hentry"],"_links":{"self":[{"href":"https:\/\/rosedornezunft.ch\/index.php?rest_route=\/wp\/v2\/pages\/626","targetHints":{"allow":["GET"]}}],"collection":[{"href":"https:\/\/rosedornezunft.ch\/index.php?rest_route=\/wp\/v2\/pages"}],"about":[{"href":"https:\/\/rosedornezunft.ch\/index.php?rest_route=\/wp\/v2\/types\/page"}],"author":[{"embeddable":true,"href":"https:\/\/rosedornezunft.ch\/index.php?rest_route=\/wp\/v2\/users\/1"}],"replies":[{"embeddable":true,"href":"https:\/\/rosedornezunft.ch\/index.php?rest_route=%2Fwp%2Fv2%2Fcomments&post=626"}],"version-history":[{"count":6,"href":"https:\/\/rosedornezunft.ch\/index.php?rest_route=\/wp\/v2\/pages\/626\/revisions"}],"predecessor-version":[{"id":2887,"href":"https:\/\/rosedornezunft.ch\/index.php?rest_route=\/wp\/v2\/pages\/626\/revisions\/2887"}],"wp:attachment":[{"href":"https:\/\/rosedornezunft.ch\/index.php?rest_route=%2Fwp%2Fv2%2Fmedia&parent=626"}],"curies":[{"name":"wp","href":"https:\/\/api.w.org\/{rel}","templated":true}]}}