{"id":2358,"date":"2024-07-23T15:33:48","date_gmt":"2024-07-23T13:33:48","guid":{"rendered":"https:\/\/rosedornezunft.ch\/?page_id=2358"},"modified":"2024-07-24T10:25:49","modified_gmt":"2024-07-24T08:25:49","slug":"mitglied-werden","status":"publish","type":"page","link":"https:\/\/rosedornezunft.ch\/?page_id=2358","title":{"rendered":"Mitglied werden"},"content":{"rendered":"\n<div class=\"wp-block-columns is-layout-flex wp-container-core-columns-is-layout-28f84493 wp-block-columns-is-layout-flex\">\n<div class=\"wp-block-column is-layout-flow wp-block-column-is-layout-flow\">\n<h2 class=\"wp-block-heading\">Mach ou mit!<\/h2>\n\n\n\n<p>Interesse an Fasnacht, Kultur und Vereinsleben? <br>Wir sind eine kleine Narrentruppe die gemeinsam die Dorffasnacht in M\u00fclchi organisiert und ordentlich mitfeiert!<br><br>Unter dem Jahr treffen wir uns 3 Mal um die wichtigsten Punkte zu organisieren. <br>Des Weiteren veranstalten wir hie und da kleinere Anl\u00e4sse wie z.B. ein Grillstand in M\u00fclchi am 100km Lauf von Biel, die 1. August Feier in M\u00fclchi oder unser allj\u00e4hrliches Helfer-Essen. <br>Zudem treffen wir uns im Herbst beim allj\u00e4hrlichen Zunftkegeln, um zu sehen wer noch am treffsichersten ist.<br><br>Falls dich das anspricht und du eine gesellige Pers\u00f6nlichkeit bist, kontaktiere doch mal unser <a href=\"https:\/\/rosedornezunft.ch\/?page_id=13\" data-type=\"page\" data-id=\"13\">Zunftmeister Marco<\/a> oder schau bei unseren anderen Online-Auftritten vorbei.<br><br>Wir freuen uns von Dir zu h\u00f6ren =)<\/p>\n<\/div>\n\n\n\n<div class=\"wp-block-column is-layout-flow wp-block-column-is-layout-flow\">\n<figure class=\"wp-block-image aligncenter size-full is-resized wp-duotone-unset-1\"><img loading=\"lazy\" decoding=\"async\" width=\"318\" height=\"449\" src=\"https:\/\/rosedornezunft.ch\/wp-content\/uploads\/2024\/07\/1676454109.jpg\" alt=\"\" class=\"wp-image-2359\" style=\"width:407px;height:auto\" srcset=\"https:\/\/rosedornezunft.ch\/wp-content\/uploads\/2024\/07\/1676454109.jpg 318w, https:\/\/rosedornezunft.ch\/wp-content\/uploads\/2024\/07\/1676454109-212x300.jpg 212w\" sizes=\"auto, (max-width: 318px) 100vw, 318px\" \/><\/figure>\n<\/div>\n<\/div>\n","protected":false},"excerpt":{"rendered":"<p>Mach ou mit! Interesse an Fasnacht, Kultur und Vereinsleben? Wir sind eine kleine Narrentruppe die gemeinsam die Dorffasnacht in M\u00fclchi organisiert und ordentlich mitfeiert! Unter dem Jahr treffen wir uns 3 Mal um die wichtigsten Punkte zu organisieren. Des Weiteren veranstalten wir hie und da kleinere Anl\u00e4sse wie z.B. ein Grillstand in M\u00fclchi am 100km [&hellip;]<\/p>\n","protected":false},"author":1,"featured_media":0,"parent":0,"menu_order":0,"comment_status":"closed","ping_status":"closed","template":"","meta":{"footnotes":""},"class_list":["post-2358","page","type-page","status-publish","hentry"],"_links":{"self":[{"href":"https:\/\/rosedornezunft.ch\/index.php?rest_route=\/wp\/v2\/pages\/2358","targetHints":{"allow":["GET"]}}],"collection":[{"href":"https:\/\/rosedornezunft.ch\/index.php?rest_route=\/wp\/v2\/pages"}],"about":[{"href":"https:\/\/rosedornezunft.ch\/index.php?rest_route=\/wp\/v2\/types\/page"}],"author":[{"embeddable":true,"href":"https:\/\/rosedornezunft.ch\/index.php?rest_route=\/wp\/v2\/users\/1"}],"replies":[{"embeddable":true,"href":"https:\/\/rosedornezunft.ch\/index.php?rest_route=%2Fwp%2Fv2%2Fcomments&post=2358"}],"version-history":[{"count":6,"href":"https:\/\/rosedornezunft.ch\/index.php?rest_route=\/wp\/v2\/pages\/2358\/revisions"}],"predecessor-version":[{"id":2410,"href":"https:\/\/rosedornezunft.ch\/index.php?rest_route=\/wp\/v2\/pages\/2358\/revisions\/2410"}],"wp:attachment":[{"href":"https:\/\/rosedornezunft.ch\/index.php?rest_route=%2Fwp%2Fv2%2Fmedia&parent=2358"}],"curies":[{"name":"wp","href":"https:\/\/api.w.org\/{rel}","templated":true}]}}