{"id":12,"date":"2024-07-16T15:24:41","date_gmt":"2024-07-16T13:24:41","guid":{"rendered":"https:\/\/rosedornezunft.wordpress.com\/galerie\/"},"modified":"2026-03-05T23:20:30","modified_gmt":"2026-03-05T21:20:30","slug":"galerie","status":"publish","type":"page","link":"https:\/\/rosedornezunft.ch\/?page_id=12","title":{"rendered":"Galerie"},"content":{"rendered":"\n<p class=\"has-text-align-left has-large-font-size\">Hier findest du Bildmaterial von unseren vergangenen Fasnachtsanl\u00e4ssen. <br>Viel Vergn\u00fcgen beim durchst\u00f6bern!<\/p>\n\n\n\n<div class=\"wp-block-columns is-layout-flex wp-container-core-columns-is-layout-a54e0cfc wp-block-columns-is-layout-flex\" style=\"padding-top:var(--wp--preset--spacing--60);padding-bottom:var(--wp--preset--spacing--60)\">\n<div class=\"wp-block-column is-layout-flow wp-block-column-is-layout-flow\"><a class=\"iheg-wrapper\" href=\"https:\/\/rosedornezunft.ch\/?page_id=2762\"  ><div class=\"eihe-box eihe-fade\" style=\"background: #000;border-radius:0px 0px 0px 0px;\"><img decoding=\"async\" src=\"https:\/\/rosedornezunft.ch\/wp-content\/uploads\/2026\/03\/IMG_2498-1-scaled.jpg\" alt=\"\"\/><div class=\"eihe-caption\" style=\"background: #000;\"><div class=\"eihe-title-cover\"><h3 class=\"eihe-title\">Fasnacht 2026<\/h3>\t<\/div><p>Hollywood<\/p><\/div><\/div><\/a><\/div>\n\n\n\n<div class=\"wp-block-column is-layout-flow wp-block-column-is-layout-flow\"><a class=\"iheg-wrapper\" href=\"https:\/\/rosedornezunft.ch\/?page_id=2762#auftakt26\"  ><div class=\"eihe-box eihe-fade\" style=\"background: #000;border-radius:0px 0px 0px 0px;\"><img decoding=\"async\" src=\"https:\/\/rosedornezunft.ch\/wp-content\/uploads\/2026\/03\/1aa425f1-e3bd-4b9b-b11b-59cf264025a7-edited.jpg\" alt=\"\"\/><div class=\"eihe-caption\" style=\"background: #000;\"><div class=\"eihe-title-cover\"><h3 class=\"eihe-title\">Auftak 2026<\/h3>\t<\/div><p>Hollywood<\/p><\/div><\/div><\/a><\/div>\n<\/div>\n\n\n\n<div class=\"wp-block-columns is-layout-flex wp-container-core-columns-is-layout-a54e0cfc wp-block-columns-is-layout-flex\" style=\"padding-top:var(--wp--preset--spacing--60);padding-bottom:var(--wp--preset--spacing--60)\">\n<div class=\"wp-block-column is-layout-flow wp-block-column-is-layout-flow\"><a class=\"iheg-wrapper\" href=\"https:\/\/rosedornezunft.ch\/?page_id=2441\"  ><div class=\"eihe-box eihe-fade\" style=\"background: #000;border-radius:0px 0px 0px 0px;\"><img decoding=\"async\" src=\"https:\/\/rosedornezunft.ch\/wp-content\/uploads\/2025\/04\/IMG_7457-3.jpg\" alt=\"\"\/><div class=\"eihe-caption\" style=\"background: #000;\"><div class=\"eihe-title-cover\"><h3 class=\"eihe-title\">Fasnacht 2025<\/h3>\t<\/div><p>Eifach M\u00fcuchi<\/p><\/div><\/div><\/a><\/div>\n\n\n\n<div class=\"wp-block-column is-layout-flow wp-block-column-is-layout-flow\"><a class=\"iheg-wrapper\" href=\"https:\/\/rosedornezunft.ch\/?page_id=2441#Auftakt25\"  ><div class=\"eihe-box eihe-fade\" style=\"background: #000;border-radius:0px 0px 0px 0px;\"><img decoding=\"async\" src=\"https:\/\/rosedornezunft.ch\/wp-content\/uploads\/2025\/04\/Bildschirmfoto-2025-04-26-um-20.56.02-1.jpg\" alt=\"\"\/><div class=\"eihe-caption\" style=\"background: #000;\"><div class=\"eihe-title-cover\"><h3 class=\"eihe-title\">Auftak 2025<\/h3>\t<\/div><p>Eifach M\u00fcuchi<\/p><\/div><\/div><\/a><\/div>\n<\/div>\n\n\n\n<div class=\"wp-block-columns is-layout-flex wp-container-core-columns-is-layout-a54e0cfc wp-block-columns-is-layout-flex\" style=\"padding-top:var(--wp--preset--spacing--60);padding-bottom:var(--wp--preset--spacing--60)\">\n<div class=\"wp-block-column is-layout-flow wp-block-column-is-layout-flow\"><a class=\"iheg-wrapper\" href=\"https:\/\/rosedornezunft.ch\/?page_id=1197\"  ><div class=\"eihe-box eihe-blur\" style=\"background: #000;border-radius:0px 0px 0px 0px;\"><img decoding=\"async\" src=\"https:\/\/rosedornezunft.ch\/wp-content\/uploads\/2024\/07\/IMG_1443.jpg\" alt=\"\"\/><div class=\"eihe-caption\" style=\"background: #000;\"><div class=\"eihe-title-cover\"><p class=\"eihe-title\">Fasnacht 2024<\/p>\t<\/div><p>Retro-Speck-Diva<\/p><\/div><\/div><\/a><\/div>\n\n\n\n<div class=\"wp-block-column is-layout-flow wp-block-column-is-layout-flow\"><a class=\"iheg-wrapper\" href=\"https:\/\/rosedornezunft.ch\/?page_id=1197#GalerieAuftakt\"  ><div class=\"eihe-box eihe-blur\" style=\"background: #000;border-radius:0px 0px 0px 0px;\"><img decoding=\"async\" src=\"https:\/\/rosedornezunft.ch\/wp-content\/uploads\/2024\/07\/IMG_0543-Enhanced-NR.jpg\" alt=\"\"\/><div class=\"eihe-caption\" style=\"background: #000;\"><div class=\"eihe-title-cover\"><p class=\"eihe-title\">Auftakt 2024<\/p>\t<\/div><p><\/p><\/div><\/div><\/a><\/div>\n<\/div>\n\n\n\n<div class=\"wp-block-columns is-layout-flex wp-container-core-columns-is-layout-a54e0cfc wp-block-columns-is-layout-flex\" style=\"padding-top:var(--wp--preset--spacing--60);padding-bottom:var(--wp--preset--spacing--60)\">\n<div class=\"wp-block-column is-layout-flow wp-block-column-is-layout-flow\"><a class=\"iheg-wrapper\" href=\"https:\/\/rosedornezunft.ch\/?page_id=1312\"  ><div class=\"eihe-box eihe-fade\" style=\"background: #000;border-radius:0px 0px 0px 0px;\"><img decoding=\"async\" src=\"https:\/\/rosedornezunft.ch\/wp-content\/uploads\/2024\/07\/e9c693af-1785-46b8-b338-0423d0a2c4ce.jpg\" alt=\"\"\/><div class=\"eihe-caption\" style=\"background: #000;\"><div class=\"eihe-title-cover\"><h3 class=\"eihe-title\">Fasnacht 2023<\/h3>\t<\/div><p>Affentheater im Dschungel<\/p><\/div><\/div><\/a><\/div>\n\n\n\n<div class=\"wp-block-column is-layout-flow wp-block-column-is-layout-flow\"><a class=\"iheg-wrapper\" href=\"http:\/\/rosedornezunft.ch\/?page_id=1312#GalerieAuftakt23\"  ><div class=\"eihe-box eihe-fade\" style=\"background: #000;border-radius:0px 0px 0px 0px;\"><img decoding=\"async\" src=\"https:\/\/rosedornezunft.ch\/wp-content\/uploads\/2024\/07\/IMG_7027.jpg\" alt=\"\"\/><div class=\"eihe-caption\" style=\"background: #000;\"><div class=\"eihe-title-cover\"><h3 class=\"eihe-title\">Auftakt 2023<\/h3>\t<\/div><p><\/p><\/div><\/div><\/a><\/div>\n<\/div>\n\n\n\n<div class=\"wp-block-columns is-layout-flex wp-container-core-columns-is-layout-a54e0cfc wp-block-columns-is-layout-flex\" style=\"padding-top:var(--wp--preset--spacing--60);padding-bottom:var(--wp--preset--spacing--60)\">\n<div class=\"wp-block-column is-layout-flow wp-block-column-is-layout-flow\"><a class=\"iheg-wrapper\" href=\"https:\/\/rosedornezunft.ch\/?page_id=1517\"  ><div class=\"eihe-box eihe-fade\" style=\"background: #000;border-radius:0px 0px 0px 0px;\"><img decoding=\"async\" src=\"https:\/\/rosedornezunft.ch\/wp-content\/uploads\/2024\/07\/image-3.jpg\" alt=\"\"\/><div class=\"eihe-caption\" style=\"background: #000;\"><div class=\"eihe-title-cover\"><h3 class=\"eihe-title\">Fasnacht 2022<\/h3>\t<\/div><p>Corona Edition<\/p><\/div><\/div><\/a><\/div>\n\n\n\n<div class=\"wp-block-column is-layout-flow wp-block-column-is-layout-flow\"><a class=\"iheg-wrapper\" href=\"https:\/\/rosedornezunft.ch\/?page_id=1535\"  ><div class=\"eihe-box eihe-fade\" style=\"background: #000;border-radius:0px 0px 0px 0px;\"><img decoding=\"async\" src=\"https:\/\/rosedornezunft.ch\/wp-content\/uploads\/2024\/07\/rosedornezunft-muelchi-fasnachtsplakette-2021.jpg\" alt=\"\"\/><div class=\"eihe-caption\" style=\"background: #000;\"><div class=\"eihe-title-cover\"><h3 class=\"eihe-title\">Fasnacht 2021<\/h3>\t<\/div><p>Online-Fasnacht<\/p><\/div><\/div><\/a><\/div>\n<\/div>\n\n\n\n<div class=\"wp-block-columns is-layout-flex wp-container-core-columns-is-layout-a54e0cfc wp-block-columns-is-layout-flex\" style=\"padding-top:var(--wp--preset--spacing--60);padding-bottom:var(--wp--preset--spacing--60)\">\n<div class=\"wp-block-column is-layout-flow wp-block-column-is-layout-flow\"><a class=\"iheg-wrapper\" href=\"https:\/\/rosedornezunft.ch\/?page_id=1569\"  ><div class=\"eihe-box eihe-blur\" style=\"background: #000;border-radius:0px 0px 0px 0px;\"><img decoding=\"async\" src=\"https:\/\/rosedornezunft.ch\/wp-content\/uploads\/2024\/07\/image-12-2.jpg\" alt=\"\"\/><div class=\"eihe-caption\" style=\"background: #000;\"><div class=\"eihe-title-cover\"><h3 class=\"eihe-title\">Fasnacht 2020<\/h3>\t<\/div><p>Eiszeit<\/p><\/div><\/div><\/a><\/div>\n\n\n\n<div class=\"wp-block-column is-layout-flow wp-block-column-is-layout-flow\"><a class=\"iheg-wrapper\" href=\"https:\/\/rosedornezunft.ch\/?page_id=1695\"  ><div class=\"eihe-box eihe-blur\" style=\"background: #000;border-radius:0px 0px 0px 0px;\"><img decoding=\"async\" src=\"https:\/\/rosedornezunft.ch\/wp-content\/uploads\/2024\/07\/image-9-4.jpg\" alt=\"\"\/><div class=\"eihe-caption\" style=\"background: #000;\"><div class=\"eihe-title-cover\"><h3 class=\"eihe-title\">Fasnacht 2019<\/h3>\t<\/div><p>Hitzefrei<\/p><\/div><\/div><\/a><\/div>\n<\/div>\n\n\n\n<div class=\"wp-block-columns is-layout-flex wp-container-core-columns-is-layout-a54e0cfc wp-block-columns-is-layout-flex\" style=\"padding-top:var(--wp--preset--spacing--60);padding-bottom:var(--wp--preset--spacing--60)\">\n<div class=\"wp-block-column is-layout-flow wp-block-column-is-layout-flow\"><a class=\"iheg-wrapper\" href=\"https:\/\/rosedornezunft.ch\/?page_id=1753\"  ><div class=\"eihe-box eihe-blur\" style=\"background: #000;border-radius:0px 0px 0px 0px;\"><img decoding=\"async\" src=\"https:\/\/rosedornezunft.ch\/wp-content\/uploads\/2024\/07\/image-6-5.jpg\" alt=\"\"\/><div class=\"eihe-caption\" style=\"background: #000;\"><div class=\"eihe-title-cover\"><h3 class=\"eihe-title\">Fasnacht 2018<\/h3>\t<\/div><p>Mir si l\u00f6iffig<\/p><\/div><\/div><\/a><\/div>\n\n\n\n<div class=\"wp-block-column is-layout-flow wp-block-column-is-layout-flow\"><\/div>\n<\/div>\n\n\n\n<div class=\"wp-block-columns is-layout-flex wp-container-core-columns-is-layout-a54e0cfc wp-block-columns-is-layout-flex\" style=\"padding-top:var(--wp--preset--spacing--60);padding-bottom:var(--wp--preset--spacing--60)\">\n<div class=\"wp-block-column is-layout-flow wp-block-column-is-layout-flow\"><a class=\"iheg-wrapper\" href=\"https:\/\/rosedornezunft.ch\/?page_id=1773\"  ><div class=\"eihe-box eihe-blur\" style=\"background: #000;border-radius:0px 0px 0px 0px;\"><img decoding=\"async\" src=\"https:\/\/rosedornezunft.ch\/wp-content\/uploads\/2024\/07\/IMG_4400-scaled.jpg\" alt=\"\"\/><div class=\"eihe-caption\" style=\"background: #000;\"><div class=\"eihe-title-cover\"><h3 class=\"eihe-title\">Fasnacht 2017<\/h3>\t<\/div><p>Durch die Blume<\/p><\/div><\/div><\/a><\/div>\n\n\n\n<div class=\"wp-block-column is-layout-flow wp-block-column-is-layout-flow\"><a class=\"iheg-wrapper\" href=\"https:\/\/rosedornezunft.ch\/?page_id=1773#GalerieAuftakt17\"  ><div class=\"eihe-box eihe-blur\" style=\"background: #000;border-radius:0px 0px 0px 0px;\"><img decoding=\"async\" src=\"https:\/\/rosedornezunft.ch\/wp-content\/uploads\/2024\/07\/P1060310-scaled.jpg\" alt=\"\"\/><div class=\"eihe-caption\" style=\"background: #000;\"><div class=\"eihe-title-cover\"><h3 class=\"eihe-title\">Auftakt 2017<\/h3>\t<\/div><p><\/p><\/div><\/div><\/a><\/div>\n<\/div>\n\n\n\n<div class=\"wp-block-columns is-layout-flex wp-container-core-columns-is-layout-a54e0cfc wp-block-columns-is-layout-flex\" style=\"padding-top:var(--wp--preset--spacing--60);padding-bottom:var(--wp--preset--spacing--60)\">\n<div class=\"wp-block-column is-layout-flow wp-block-column-is-layout-flow\"><a class=\"iheg-wrapper\" href=\"https:\/\/rosedornezunft.ch\/?page_id=1873\"  ><div class=\"eihe-box eihe-blur\" style=\"background: #000;border-radius:0px 0px 0px 0px;\"><img decoding=\"async\" src=\"https:\/\/rosedornezunft.ch\/wp-content\/uploads\/2024\/07\/P1050568.jpg\" alt=\"\"\/><div class=\"eihe-caption\" style=\"background: #000;\"><div class=\"eihe-title-cover\"><h3 class=\"eihe-title\">Fasnacht 2016<\/h3>\t<\/div><p>Gstreift isch Mode<\/p><\/div><\/div><\/a><\/div>\n\n\n\n<div class=\"wp-block-column is-layout-flow wp-block-column-is-layout-flow\"><a class=\"iheg-wrapper\" href=\"https:\/\/rosedornezunft.ch\/?page_id=1907\"  ><div class=\"eihe-box eihe-blur\" style=\"background: #000;border-radius:0px 0px 0px 0px;\"><img decoding=\"async\" src=\"https:\/\/rosedornezunft.ch\/wp-content\/uploads\/2024\/07\/IMG_8079.jpg\" alt=\"\"\/><div class=\"eihe-caption\" style=\"background: #000;\"><div class=\"eihe-title-cover\"><h3 class=\"eihe-title\">Fasnacht 2015<\/h3>\t<\/div><p>K\u00fcchenschlacht<\/p><\/div><\/div><\/a><\/div>\n<\/div>\n\n\n\n<div class=\"wp-block-columns is-layout-flex wp-container-core-columns-is-layout-a54e0cfc wp-block-columns-is-layout-flex\" style=\"padding-top:var(--wp--preset--spacing--60);padding-bottom:var(--wp--preset--spacing--60)\">\n<div class=\"wp-block-column is-layout-flow wp-block-column-is-layout-flow\"><a class=\"iheg-wrapper\" href=\"https:\/\/rosedornezunft.ch\/?page_id=2021\"  ><div class=\"eihe-box eihe-blur\" style=\"background: #000;border-radius:0px 0px 0px 0px;\"><img decoding=\"async\" src=\"https:\/\/rosedornezunft.ch\/wp-content\/uploads\/2024\/07\/IMG_9219.jpg\" alt=\"\"\/><div class=\"eihe-caption\" style=\"background: #000;\"><div class=\"eihe-title-cover\"><h3 class=\"eihe-title\">Fasnacht 2014<\/h3>\t<\/div><p>Grenzenlos<\/p><\/div><\/div><\/a><\/div>\n\n\n\n<div class=\"wp-block-column is-layout-flow wp-block-column-is-layout-flow\"><a class=\"iheg-wrapper\" href=\"https:\/\/rosedornezunft.ch\/?page_id=2100\"  ><div class=\"eihe-box eihe-blur\" style=\"background: #000;border-radius:0px 0px 0px 0px;\"><img decoding=\"async\" src=\"https:\/\/rosedornezunft.ch\/wp-content\/uploads\/2024\/07\/IMG_9034.jpg\" alt=\"\"\/><div class=\"eihe-caption\" style=\"background: #000;\"><div class=\"eihe-title-cover\"><h3 class=\"eihe-title\">Fasnacht 2013<\/h3>\t<\/div><p>zum 20. Mal<\/p><\/div><\/div><\/a><\/div>\n<\/div>\n\n\n\n<div class=\"wp-block-columns is-layout-flex wp-container-core-columns-is-layout-a54e0cfc wp-block-columns-is-layout-flex\" style=\"padding-top:var(--wp--preset--spacing--60);padding-bottom:var(--wp--preset--spacing--60)\">\n<div class=\"wp-block-column is-layout-flow wp-block-column-is-layout-flow\"><a class=\"iheg-wrapper\" href=\"https:\/\/rosedornezunft.ch\/?page_id=2178\"  ><div class=\"eihe-box eihe-blur\" style=\"background: #000;border-radius:0px 0px 0px 0px;\"><img decoding=\"async\" src=\"https:\/\/rosedornezunft.ch\/wp-content\/uploads\/2024\/07\/Scan_0020-Umzug-2002.jpg\" alt=\"\"\/><div class=\"eihe-caption\" style=\"background: #000;\"><div class=\"eihe-title-cover\"><h3 class=\"eihe-title\">Fasnacht 2002<\/h3>\t<\/div><p><\/p><\/div><\/div><\/a><\/div>\n\n\n\n<div class=\"wp-block-column is-layout-flow wp-block-column-is-layout-flow\"><a class=\"iheg-wrapper\" href=\"https:\/\/rosedornezunft.ch\/?page_id=2199\"  ><div class=\"eihe-box eihe-blur\" style=\"background: #000;border-radius:0px 0px 0px 0px;\"><img decoding=\"async\" src=\"https:\/\/rosedornezunft.ch\/wp-content\/uploads\/2024\/07\/Scan_0025-Buechibaerg-Schraenzer-1996.jpg\" alt=\"\"\/><div class=\"eihe-caption\" style=\"background: #000;\"><div class=\"eihe-title-cover\"><h3 class=\"eihe-title\">Fasnacht 1996<\/h3>\t<\/div><p><\/p><\/div><\/div><\/a><\/div>\n<\/div>\n\n\n\n<div class=\"wp-block-columns is-layout-flex wp-container-core-columns-is-layout-a54e0cfc wp-block-columns-is-layout-flex\" style=\"padding-top:var(--wp--preset--spacing--60);padding-bottom:var(--wp--preset--spacing--60)\">\n<div class=\"wp-block-column is-layout-flow wp-block-column-is-layout-flow\"><a class=\"iheg-wrapper\" href=\"https:\/\/rosedornezunft.ch\/?page_id=2206\"  ><div class=\"eihe-box eihe-blur\" style=\"background: #000;border-radius:0px 0px 0px 0px;\"><img decoding=\"async\" src=\"https:\/\/rosedornezunft.ch\/wp-content\/uploads\/2024\/07\/Scan_0028-1995.jpg\" alt=\"\"\/><div class=\"eihe-caption\" style=\"background: #000;\"><div class=\"eihe-title-cover\"><h3 class=\"eihe-title\">Fasnacht 1995<\/h3>\t<\/div><p><\/p><\/div><\/div><\/a><\/div>\n\n\n\n<div class=\"wp-block-column is-layout-flow wp-block-column-is-layout-flow\"><\/div>\n<\/div>\n","protected":false},"excerpt":{"rendered":"<p>Hier findest du Bildmaterial von unseren vergangenen Fasnachtsanl\u00e4ssen. Viel Vergn\u00fcgen beim durchst\u00f6bern!<\/p>\n","protected":false},"author":1,"featured_media":0,"parent":0,"menu_order":0,"comment_status":"closed","ping_status":"closed","template":"","meta":{"footnotes":""},"class_list":["post-12","page","type-page","status-publish","hentry"],"_links":{"self":[{"href":"https:\/\/rosedornezunft.ch\/index.php?rest_route=\/wp\/v2\/pages\/12","targetHints":{"allow":["GET"]}}],"collection":[{"href":"https:\/\/rosedornezunft.ch\/index.php?rest_route=\/wp\/v2\/pages"}],"about":[{"href":"https:\/\/rosedornezunft.ch\/index.php?rest_route=\/wp\/v2\/types\/page"}],"author":[{"embeddable":true,"href":"https:\/\/rosedornezunft.ch\/index.php?rest_route=\/wp\/v2\/users\/1"}],"replies":[{"embeddable":true,"href":"https:\/\/rosedornezunft.ch\/index.php?rest_route=%2Fwp%2Fv2%2Fcomments&post=12"}],"version-history":[{"count":35,"href":"https:\/\/rosedornezunft.ch\/index.php?rest_route=\/wp\/v2\/pages\/12\/revisions"}],"predecessor-version":[{"id":2873,"href":"https:\/\/rosedornezunft.ch\/index.php?rest_route=\/wp\/v2\/pages\/12\/revisions\/2873"}],"wp:attachment":[{"href":"https:\/\/rosedornezunft.ch\/index.php?rest_route=%2Fwp%2Fv2%2Fmedia&parent=12"}],"curies":[{"name":"wp","href":"https:\/\/api.w.org\/{rel}","templated":true}]}}